{"id":4410,"date":"2025-02-03T16:43:30","date_gmt":"2025-02-03T16:43:30","guid":{"rendered":"https:\/\/novo.juiceathome.com\/?page_id=4410"},"modified":"2025-07-10T09:07:14","modified_gmt":"2025-07-10T09:07:14","slug":"corporate-gifting","status":"publish","type":"page","link":"https:\/\/novo.juiceathome.com\/en\/corporate-gifting\/","title":{"rendered":"Corporate Gifting"},"content":{"rendered":"<div class=\"wp-block-cover alignwide is-light homepage-top-cover\" style=\"min-height:550px;aspect-ratio:unset;\"><img alt=\"\" loading=\"lazy\" decoding=\"async\" width=\"1500\" height=\"891\" class=\"wp-block-cover__image-background wp-image-4874 size-full\" src=\"https:\/\/novo.juiceathome.com\/wp-content\/uploads\/2025\/05\/portcork-home-juice-at-home-b.webp\" data-object-fit=\"cover\" srcset=\"https:\/\/novo.juiceathome.com\/wp-content\/uploads\/2025\/05\/portcork-home-juice-at-home-b.webp 1500w, https:\/\/novo.juiceathome.com\/wp-content\/uploads\/2025\/05\/portcork-home-juice-at-home-b-300x178.webp 300w, https:\/\/novo.juiceathome.com\/wp-content\/uploads\/2025\/05\/portcork-home-juice-at-home-b-1024x608.webp 1024w, https:\/\/novo.juiceathome.com\/wp-content\/uploads\/2025\/05\/portcork-home-juice-at-home-b-768x456.webp 768w, https:\/\/novo.juiceathome.com\/wp-content\/uploads\/2025\/05\/portcork-home-juice-at-home-b-600x356.webp 600w\" sizes=\"auto, (max-width: 1500px) 100vw, 1500px\" \/><span aria-hidden=\"true\" class=\"wp-block-cover__background has-black-background-color has-background-dim-10 has-background-dim\"><\/span><div class=\"wp-block-cover__inner-container is-layout-constrained wp-block-cover-is-layout-constrained\">\n<div style=\"height:30px\" aria-hidden=\"true\" class=\"wp-block-spacer\"><\/div>\n\n\n\n<div style=\"height:30px\" aria-hidden=\"true\" class=\"wp-block-spacer\"><\/div>\n\n\n\n<div style=\"height:30px\" aria-hidden=\"true\" class=\"wp-block-spacer\"><\/div>\n<\/div><\/div>\n\n\n\n<div style=\"height:30px\" aria-hidden=\"true\" class=\"wp-block-spacer\"><\/div>\n\n\n\n<h1 class=\"wp-block-heading has-text-align-center\">Corporate Gifting with a Portuguese Soul<\/h1>\n\n\n\n<h2 class=\"wp-block-heading has-text-align-center\" style=\"font-size:24px;font-style:normal;font-weight:400\">Show appreciation with gourmet gift baskets that create unforgettable memories and strengthen relationships.<\/h2>\n\n\n\n<div style=\"height:30px\" aria-hidden=\"true\" class=\"wp-block-spacer\"><\/div>\n\n\n\n<div class=\"wp-block-buttons is-content-justification-center is-layout-flex wp-container-core-buttons-is-layout-16018d1d wp-block-buttons-is-layout-flex\">\n<div class=\"wp-block-button is-style-outline is-style-outline--1\"><a class=\"wp-block-button__link wp-element-button\" href=\"#catalogo-gourmet\" style=\"border-radius:20px\">Request the Catalog<\/a><\/div>\n<\/div>\n\n\n\n<div style=\"height:30px\" aria-hidden=\"true\" class=\"wp-block-spacer\"><\/div>\n\n\n\n<div class=\"wp-block-uagb-testimonial uagb-slick-carousel uagb-tm__arrow-outside uagb-block-581c87b2\"><div class=\"is-carousel uagb-tm__columns-1 uagb-tm__items\"><div class=\"uagb-testimonial__wrap  uagb-tm__imgicon-style-square uagb-tm__image-position-top uagb-tm__bg-type-none\"><div class=\"uagb-tm__content\"><div class=\"uagb-tm__overlay\"><\/div><div class=\"uagb-tm__image-content\"><div class=\"uagb-tm__image\"><img decoding=\"async\" class=\"uagb-tm-img-src\" src=\"https:\/\/novo.juiceathome.com\/wp-content\/uploads\/2025\/07\/banco-carregosa-logotipo.png\" alt=\"Banco Carregosa\" width=\"150\" height=\"150\" loading=\"lazy\"\/><\/div><\/div><div class=\"uagb-tm__text-wrap\"><div class=\"uagb-tm__desc\">The partnership with Juice at Home is of enormous importance to Banco Carregosa, as they consistently manage to surprise and provide unique and enriching experiences to our stakeholders with their traditional Christmas offerings. The personalized, high-quality, and prestigious products, along with their meticulous presentation, reflect Banco Carregosa&#039;s demanding and exclusive standards.<\/div><div class=\"uagb-tm__meta-inner\"><div class=\"uagb-testimonial-details\"><span class=\"uagb-tm__author-name\">Tiago Flemming <\/span><span class=\"uagb-tm__company\">Banco Carregosa<\/span><\/div><\/div><\/div><\/div><\/div><div class=\"uagb-testimonial__wrap  uagb-tm__imgicon-style-square uagb-tm__image-position-top uagb-tm__bg-type-none\"><div class=\"uagb-tm__content\"><div class=\"uagb-tm__overlay\"><\/div><div class=\"uagb-tm__image-content\"><div class=\"uagb-tm__image\"><img decoding=\"async\" class=\"uagb-tm-img-src\" src=\"https:\/\/novo.juiceathome.com\/wp-content\/uploads\/2025\/07\/mkt360-digital-logo.png\" alt=\"Mkt360 Digital\" width=\"150\" height=\"150\" loading=\"lazy\"\/><\/div><\/div><div class=\"uagb-tm__text-wrap\"><div class=\"uagb-tm__desc\">High quality products and top service.<br>I recommend it to anyone who wants a unique product with guaranteed quality.<br>To offer to friends or collaborators.<\/div><div class=\"uagb-tm__meta-inner\"><div class=\"uagb-testimonial-details\"><span class=\"uagb-tm__author-name\">Vasco Marques <\/span><span class=\"uagb-tm__company\">Digital Marketing 360<\/span><\/div><\/div><\/div><\/div><\/div><div class=\"uagb-testimonial__wrap  uagb-tm__imgicon-style-square uagb-tm__image-position-top uagb-tm__bg-type-none\"><div class=\"uagb-tm__content\"><div class=\"uagb-tm__overlay\"><\/div><div class=\"uagb-tm__image-content\"><div class=\"uagb-tm__image\"><img decoding=\"async\" class=\"uagb-tm-img-src\" src=\"https:\/\/novo.juiceathome.com\/wp-content\/uploads\/2025\/07\/pedro-coelho-clinica-logo.png\" alt=\"\" width=\"150\" height=\"150\" loading=\"lazy\"\/><\/div><\/div><div class=\"uagb-tm__text-wrap\"><div class=\"uagb-tm__desc\">Spectacular service! Fast and efficient! Unique products!<br>Thank you so much for the beautiful cards you put inside.<br>Our patients were very touched and emotional\u2026<\/div><div class=\"uagb-tm__meta-inner\"><div class=\"uagb-testimonial-details\"><span class=\"uagb-tm__author-name\">Peter Rabbit <\/span><span class=\"uagb-tm__company\">Dr. Pedro Coelho Clinic<\/span><\/div><\/div><\/div><\/div><\/div><\/div><\/div>\n\n\n\n<div style=\"height:60px\" aria-hidden=\"true\" class=\"wp-block-spacer\"><\/div>\n\n\n\n<div class=\"wp-block-columns is-layout-flex wp-container-core-columns-is-layout-9d6595d7 wp-block-columns-is-layout-flex\">\n<div class=\"wp-block-column is-layout-flow wp-block-column-is-layout-flow\">      \n\t\t\t<div class=\"uagb-icon-wrapper uagb-block-5c117594\"\n\t\t\tstyle=\"\" >\n\t\t\t\t\t\t\t\t\t<span class=\"uagb-svg-wrapper\" \n\t\t\t\t\t aria-label=\"leaf\"\t\t\t\t\ttabindex=\"0\">\t\t\n\t\t\t\t\t\t\t\t\t\t<svg xmlns=\"https:\/\/www.w3.org\/2000\/svg\" viewbox= \"0 0 512 512\" role=\"graphics-symbol\" aria-hidden=\"false\" aria-label=\"\"><path d=\"M512 165.4c0 127.9-70.05 235.3-175.3 270.1c-20.04 7.938-41.83 12.46-64.69 12.46c-64.9 0-125.2-36.51-155.7-94.47c-54.13 49.93-68.71 107-68.96 108.1C44.72 472.6 34.87 480 24.02 480c-1.844 0-3.727-.2187-5.602-.6562c-12.89-3.098-20.84-16.08-17.75-28.96c9.598-39.5 90.47-226.4 335.3-226.4C344.8 224 352 216.8 352 208S344.8 192 336 192C228.6 192 151 226.6 96.29 267.6c.1934-10.82 1.242-21.84 3.535-33.05c13.47-65.81 66.04-119 131.4-134.2c28.33-6.562 55.68-6.013 80.93-.0054c56 13.32 118.2-7.412 149.3-61.24c5.664-9.828 20.02-9.516 24.66 .8282C502.7 76.76 512 121.9 512 165.4z\"><\/path><\/svg>\n\t\t\t\t\t\t\t\t\t<\/span>\n\t\t\t\t\t\t\t<\/div>\n\t\t\t\n\n\n<p class=\"has-text-align-left\"><strong>Authentic Portuguese Products:<\/strong> Juice at Home specializes in high-quality Portuguese products, such as wines, cheeses, olive oils, and gourmet jams. We offer gifts that represent the authenticity of Portuguese culture and cuisine, providing unique and memorable experiences for the recipients of our partner companies.<\/p>\n<\/div>\n\n\n\n<div class=\"wp-block-column is-layout-flow wp-block-column-is-layout-flow\">      \n\t\t\t<div class=\"uagb-icon-wrapper uagb-block-cdc9872b\"\n\t\t\tstyle=\"\" >\n\t\t\t\t\t\t\t\t\t<span class=\"uagb-svg-wrapper\" \n\t\t\t\t\t aria-label=\"hand-holding-heart\"\t\t\t\t\ttabindex=\"0\">\t\t\n\t\t\t\t\t\t\t\t\t\t<svg xmlns=\"https:\/\/www.w3.org\/2000\/svg\" viewbox= \"0 0 576 512\" role=\"graphics-symbol\" aria-hidden=\"false\" aria-label=\"\"><path d=\"M275.2 250.5c7 7.375 18.5 7.375 25.5 0l108.1-114.2c31.5-33.12 29.72-88.1-5.65-118.7c-30.88-26.75-76.75-21.9-104.9 7.724L287.1 36.91L276.8 25.28C248.7-4.345 202.7-9.194 171.1 17.56C136.7 48.18 134.7 103.2 166.4 136.3L275.2 250.5zM568.2 336.3c-13.12-17.81-38.14-21.66-55.93-8.469l-119.7 88.17h-120.6c-8.748 0-15.1-7.25-15.1-15.1c0-8.746 7.25-15.1 15.1-15.1h78.25c15.1 0 30.75-10.87 33.37-26.62c3.25-19.1-12.12-37.37-31.62-37.37H191.1c-26.1 0-53.12 9.25-74.12 26.25l-46.5 37.74l-55.37-.0253c-8.748 0-15.1 7.275-15.1 16.02L.0001 496C.0001 504.8 7.251 512 15.1 512h346.1c22.03 0 43.92-7.187 61.7-20.28l135.1-99.51C577.5 379.1 581.3 354.1 568.2 336.3z\"><\/path><\/svg>\n\t\t\t\t\t\t\t\t\t<\/span>\n\t\t\t\t\t\t\t<\/div>\n\t\t\t\n\n\n<p><strong>Quality and Sustainability:<\/strong> We work exclusively with local producers who share our commitment to excellence and environmental sustainability. Our selected products are of superior quality, many from organic farming, ensuring respect for the environment and Portuguese artisanal tradition.<\/p>\n<\/div>\n<\/div>\n\n\n\n<div class=\"wp-block-columns is-layout-flex wp-container-core-columns-is-layout-9d6595d7 wp-block-columns-is-layout-flex\">\n<div class=\"wp-block-column is-layout-flow wp-block-column-is-layout-flow\">      \n\t\t\t<div class=\"uagb-icon-wrapper uagb-block-bef7cd2c\"\n\t\t\tstyle=\"\" >\n\t\t\t\t\t\t\t\t\t<span class=\"uagb-svg-wrapper\" \n\t\t\t\t\t aria-label=\"gifts\"\t\t\t\t\ttabindex=\"0\">\t\t\n\t\t\t\t\t\t\t\t\t\t<svg xmlns=\"https:\/\/www.w3.org\/2000\/svg\" viewbox= \"0 0 640 512\" role=\"graphics-symbol\" aria-hidden=\"false\" aria-label=\"\"><path d=\"M192.5 55.09L217.9 36.59C228.6 28.79 243.6 31.16 251.4 41.88C259.2 52.6 256.8 67.61 246.1 75.41L217.8 95.1H240C256.9 95.1 271.7 104.7 280.3 117.9C257.3 135.7 241.9 162.1 240.2 193.1C212.5 201 192 226.1 192 256V480C192 491.7 195.1 502.6 200.6 512H48C21.49 512 0 490.5 0 464V144C0 117.5 21.49 96 48 96H70.2L41.88 75.41C31.16 67.61 28.79 52.6 36.59 41.88C44.39 31.16 59.4 28.79 70.12 36.59L97.55 56.54L89.23 31.59C85.04 19.01 91.84 5.423 104.4 1.232C116.1-2.96 130.6 3.836 134.8 16.41L144.7 46.17L155.4 15.99C159.8 3.493 173.5-3.048 186 1.377C198.5 5.802 205 19.52 200.6 32.01L192.5 55.09zM344.2 127.1C366.6 127.1 387.8 138.4 401.5 156.2L432 195.8L462.5 156.2C476.2 138.4 497.4 127.1 519.8 127.1C559.5 127.1 592 160.1 592 199.1C592 208.4 590.6 216.5 587.9 223.1H592C618.5 223.1 640 245.5 640 271.1V352H448V255.1H416V352H224V271.1C224 245.5 245.5 223.1 272 223.1H276.1C273.4 216.5 272 208.4 272 199.1C272 160.1 304.5 127.1 344.2 127.1H344.2zM363.5 185.5C358.9 179.5 351.7 175.1 344.2 175.1C330.8 175.1 320 186.9 320 199.1C320 213.3 330.7 223.1 344 223.1H393.1L363.5 185.5zM519.8 175.1C512.3 175.1 505.1 179.5 500.5 185.5L470.9 223.1H520C533.3 223.1 544 213.3 544 199.1C544 186.9 533.2 175.1 519.8 175.1H519.8zM224 464V384H416V512H272C245.5 512 224 490.5 224 464zM448 512V384H640V464C640 490.5 618.5 512 592 512H448z\"><\/path><\/svg>\n\t\t\t\t\t\t\t\t\t<\/span>\n\t\t\t\t\t\t\t<\/div>\n\t\t\t\n\n\n<p class=\"has-text-align-left\"><strong>Customizable Baskets:<\/strong> We offer a wide range of gourmet gift baskets, carefully crafted for different occasions and business preferences. Companies can choose from pre-designed gift baskets or fully customize their gifts by adding specific products and personalized corporate messages.<\/p>\n<\/div>\n\n\n\n<div class=\"wp-block-column is-layout-flow wp-block-column-is-layout-flow\">      \n\t\t\t<div class=\"uagb-icon-wrapper uagb-block-c30b33f8\"\n\t\t\tstyle=\"\" >\n\t\t\t\t\t\t\t\t\t<span class=\"uagb-svg-wrapper\" \n\t\t\t\t\t aria-label=\"people-group\"\t\t\t\t\ttabindex=\"0\">\t\t\n\t\t\t\t\t\t\t\t\t\t<svg xmlns=\"https:\/\/www.w3.org\/2000\/svg\" viewbox= \"0 0 640 512\" role=\"graphics-symbol\" aria-hidden=\"false\" aria-label=\"\"><path d=\"M184 88C184 118.9 158.9 144 128 144C97.07 144 72 118.9 72 88C72 57.07 97.07 32 128 32C158.9 32 184 57.07 184 88zM208.4 196.3C178.7 222.7 160 261.2 160 304C160 338.3 171.1 369.8 192 394.5V416C192 433.7 177.7 448 160 448H96C78.33 448 64 433.7 64 416V389.2C26.16 371.2 0 332.7 0 288C0 226.1 50.14 176 112 176H144C167.1 176 190.2 183.5 208.4 196.3V196.3zM64 245.7C54.04 256.9 48 271.8 48 288C48 304.2 54.04 319.1 64 330.3V245.7zM448 416V394.5C468 369.8 480 338.3 480 304C480 261.2 461.3 222.7 431.6 196.3C449.8 183.5 472 176 496 176H528C589.9 176 640 226.1 640 288C640 332.7 613.8 371.2 576 389.2V416C576 433.7 561.7 448 544 448H480C462.3 448 448 433.7 448 416zM576 330.3C585.1 319.1 592 304.2 592 288C592 271.8 585.1 256.9 576 245.7V330.3zM568 88C568 118.9 542.9 144 512 144C481.1 144 456 118.9 456 88C456 57.07 481.1 32 512 32C542.9 32 568 57.07 568 88zM256 96C256 60.65 284.7 32 320 32C355.3 32 384 60.65 384 96C384 131.3 355.3 160 320 160C284.7 160 256 131.3 256 96zM448 304C448 348.7 421.8 387.2 384 405.2V448C384 465.7 369.7 480 352 480H288C270.3 480 256 465.7 256 448V405.2C218.2 387.2 192 348.7 192 304C192 242.1 242.1 192 304 192H336C397.9 192 448 242.1 448 304zM256 346.3V261.7C246 272.9 240 287.8 240 304C240 320.2 246 335.1 256 346.3zM384 261.7V346.3C393.1 335 400 320.2 400 304C400 287.8 393.1 272.9 384 261.7z\"><\/path><\/svg>\n\t\t\t\t\t\t\t\t\t<\/span>\n\t\t\t\t\t\t\t<\/div>\n\t\t\t\n\n\n<p><strong>Dedicated Service<\/strong>We pride ourselves on offering exceptional service, with a team dedicated to helping companies find the ideal gifts. From product selection to final delivery, we guarantee a simple, efficient, and completely hassle-free shopping experience.<\/p>\n<\/div>\n<\/div>\n\n\n\n<figure class=\"wp-block-image size-full is-style-rounded\"><img loading=\"lazy\" decoding=\"async\" width=\"1360\" height=\"850\" src=\"https:\/\/novo.juiceathome.com\/wp-content\/uploads\/2025\/02\/cabazes-gourmet-categoria.webp\" alt=\"Cabaz Gourmet Juice at Home\" class=\"wp-image-4393\" srcset=\"https:\/\/novo.juiceathome.com\/wp-content\/uploads\/2025\/02\/cabazes-gourmet-categoria.webp 1360w, https:\/\/novo.juiceathome.com\/wp-content\/uploads\/2025\/02\/cabazes-gourmet-categoria-600x375.webp 600w, https:\/\/novo.juiceathome.com\/wp-content\/uploads\/2025\/02\/cabazes-gourmet-categoria-300x188.webp 300w, https:\/\/novo.juiceathome.com\/wp-content\/uploads\/2025\/02\/cabazes-gourmet-categoria-1024x640.webp 1024w, https:\/\/novo.juiceathome.com\/wp-content\/uploads\/2025\/02\/cabazes-gourmet-categoria-768x480.webp 768w\" sizes=\"auto, (max-width: 1360px) 100vw, 1360px\" \/><\/figure>\n\n\n\n<div style=\"height:30px\" aria-hidden=\"true\" class=\"wp-block-spacer\"><\/div>\n\n\n\n<div style=\"height:40px\" aria-hidden=\"true\" id=\"catalogo-gourmet\" class=\"wp-block-spacer\"><\/div>\n\n\n\n<h2 class=\"wp-block-heading has-text-align-center\">Make your Corporate Gifting an Exclusive Experience.<\/h2>\n\n\n\n<div style=\"height:20px\" aria-hidden=\"true\" id=\"catalogo-gourmet\" class=\"wp-block-spacer\"><\/div>\n\n\n\n<div class=\"wp-block-columns is-layout-flex wp-container-core-columns-is-layout-9d6595d7 wp-block-columns-is-layout-flex\">\n<div class=\"wp-block-column is-layout-flow wp-block-column-is-layout-flow\">\n<p>When you choose Juice at Home for your Corporate Gifting needs, you are choosing <strong>exceptional quality<\/strong>, <strong>Portuguese authenticity<\/strong> and one <strong>personalized service<\/strong>, in a gesture of elegance and genuine confidence.<\/p>\n\n\n\n<p>Our gourmet hampers, carefully crafted with locally sourced produce, demonstrate your appreciation in a memorable and delicious way.<\/p>\n\n\n\n<p>We offer customization options so you can create unique gifts that reflect your brand and strengthen your professional relationships.<\/p>\n\n\n\n<p>We believe that an exceptional gift is a powerful way to express gratitude, and we&#039;re dedicated to helping you impress your employees and customers.<\/p>\n<\/div>\n\n\n\n<div class=\"wp-block-column is-layout-flow wp-block-column-is-layout-flow\">\n<h4 class=\"wp-block-heading has-text-color has-link-color wp-elements-905dcdc57686d574e34814df3751e8ee\" style=\"color:#4d4d4d\">Request your Personalized Proposal\u2026<\/h4>\n\n\n\n<div style=\"height:20px\" aria-hidden=\"true\" class=\"wp-block-spacer\"><\/div>\n\n\n\n<div class=\"wp-block-uagb-forms uagb-forms__outer-wrap uagb-block-3821361b uagb-forms__medium-btn\"><form class=\"uagb-forms-main-form\" method=\"post\" autocomplete=\"on\" name=\"uagb-form-3821361b\" action=\"\">\n<div class=\"wp-block-uagb-forms-name uagb-forms-name-wrap uagb-forms-field-set uagb-block-aa1b8aca\"><div class=\"uagb-forms-name-label required uagb-forms-input-label\" id=\"aa1b8aca\"><strong>Name<\/strong><\/div><input type=\"text\" placeholder=\"John Silva\" required class=\"uagb-forms-name-input uagb-forms-input\" name=\"aa1b8aca\" autocomplete=\"name\"\/><\/div>\n\n\n\n<div class=\"wp-block-uagb-forms-email uagb-forms-email-wrap uagb-forms-field-set uagb-block-04173cda\"><div class=\"uagb-forms-email-label required uagb-forms-input-label\" id=\"04173cda\"><strong>E-mail<\/strong><\/div><input type=\"email\" class=\"uagb-forms-email-input uagb-forms-input\" placeholder=\"exemplo@mail.com\" required name=\"04173cda\" autocomplete=\"email\"\/><\/div>\n\n\n\n<div class=\"wp-block-uagb-forms-textarea uagb-forms-textarea-wrap uagb-forms-field-set uagb-block-9181cc0e\"><div class=\"uagb-forms-textarea-label required uagb-forms-input-label\" id=\"9181cc0e\"><strong>Message<\/strong><\/div><textarea required class=\"uagb-forms-textarea-input uagb-forms-input\" rows=\"4\" placeholder=\"Write your message here\" name=\"9181cc0e\" autocomplete=\"off\"><\/textarea><\/div>\n<div class=\"uagb-forms-form-hidden-data\"><input type=\"hidden\" id=\"g-recaptcha-response\" class=\"uagb-forms-recaptcha\"\/><input type=\"hidden\" class=\"uagb_forms_form_label\" value=\"Spectra Form\"\/><input type=\"hidden\" class=\"uagb_forms_form_id\" value=\"uagb-form-3821361b\"\/><\/div><div class=\"uagb-form-reacaptcha-error-3821361b\"><\/div><div class=\"uagb-forms-main-submit-button-wrap wp-block-button\"><button class=\"uagb-forms-main-submit-button wp-block-button__link\"><div class=\"uagb-forms-main-submit-button-text\">Send<\/div><\/button><\/div><input type=\"hidden\" name=\"trp-form-language\" value=\"en\"\/><\/form><div class=\"uagb-forms-success-message-3821361b uagb-forms-submit-message-hide\"><span>Your message has been sent successfully. Thank you!<\/span><\/div><div class=\"uagb-forms-failed-message-3821361b uagb-forms-submit-message-hide\"><span>There has been some error while submitting the form. Please verify all form fields again.<\/span><\/div><\/div>\n<\/div>\n<\/div>\n\n\n\n<div style=\"height:20px\" aria-hidden=\"true\" id=\"catalogo-gourmet\" class=\"wp-block-spacer\"><\/div>","protected":false},"excerpt":{"rendered":"<p>Corporate Gifting com Alma Portuguesa Demonstre apre\u00e7o com cabazes gourmet que criam mem\u00f3rias inesquec\u00edveis e fortalecem rela\u00e7\u00f5es. Produtos Portugueses Aut\u00eanticos: A Juice at Home especializa-se em produtos portugueses de alta qualidade, como vinhos, queijos, azeites e compotas gourmet. Oferecemos presentes que representam a autenticidade da cultura e gastronomia nacional, proporcionando experi\u00eancias \u00fanicas e memor\u00e1veis aos [&hellip;]<\/p>\n","protected":false},"author":1,"featured_media":0,"parent":0,"menu_order":0,"comment_status":"closed","ping_status":"closed","template":"","meta":{"_seopress_robots_primary_cat":"","_seopress_titles_title":"Corporate Gifting %%sep%% %%sitetitle%%","_seopress_titles_desc":"Surpreenda colaboradores e clientes com os nossos Cabazes Gourmet para Corporate Gifting com produtos portugueses aut\u00eanticos.","_seopress_robots_index":"","_uag_custom_page_level_css":"","footnotes":""},"class_list":["post-4410","page","type-page","status-publish","hentry"],"uagb_featured_image_src":{"full":false,"thumbnail":false,"medium":false,"medium_large":false,"large":false,"1536x1536":false,"2048x2048":false,"trp-custom-language-flag":false,"woocommerce_thumbnail":false,"woocommerce_single":false,"woocommerce_gallery_thumbnail":false},"uagb_author_info":{"display_name":"JH Team","author_link":"https:\/\/novo.juiceathome.com\/en\/author\/juiceathome\/"},"uagb_comment_info":0,"uagb_excerpt":"Corporate Gifting com Alma Portuguesa Demonstre apre\u00e7o com cabazes gourmet que criam mem\u00f3rias inesquec\u00edveis e fortalecem rela\u00e7\u00f5es. Produtos Portugueses Aut\u00eanticos: A Juice at Home especializa-se em produtos portugueses de alta qualidade, como vinhos, queijos, azeites e compotas gourmet. Oferecemos presentes que representam a autenticidade da cultura e gastronomia nacional, proporcionando experi\u00eancias \u00fanicas e memor\u00e1veis aos&hellip;","_links":{"self":[{"href":"https:\/\/novo.juiceathome.com\/en\/wp-json\/wp\/v2\/pages\/4410","targetHints":{"allow":["GET"]}}],"collection":[{"href":"https:\/\/novo.juiceathome.com\/en\/wp-json\/wp\/v2\/pages"}],"about":[{"href":"https:\/\/novo.juiceathome.com\/en\/wp-json\/wp\/v2\/types\/page"}],"author":[{"embeddable":true,"href":"https:\/\/novo.juiceathome.com\/en\/wp-json\/wp\/v2\/users\/1"}],"replies":[{"embeddable":true,"href":"https:\/\/novo.juiceathome.com\/en\/wp-json\/wp\/v2\/comments?post=4410"}],"version-history":[{"count":3,"href":"https:\/\/novo.juiceathome.com\/en\/wp-json\/wp\/v2\/pages\/4410\/revisions"}],"predecessor-version":[{"id":5994,"href":"https:\/\/novo.juiceathome.com\/en\/wp-json\/wp\/v2\/pages\/4410\/revisions\/5994"}],"wp:attachment":[{"href":"https:\/\/novo.juiceathome.com\/en\/wp-json\/wp\/v2\/media?parent=4410"}],"curies":[{"name":"wp","href":"https:\/\/api.w.org\/{rel}","templated":true}]}}