{"id":3202,"date":"2024-05-23T06:50:54","date_gmt":"2024-05-23T06:50:54","guid":{"rendered":"https:\/\/novo.juiceathome.com\/?post_type=product&#038;p=3202"},"modified":"2024-05-23T06:50:54","modified_gmt":"2024-05-23T06:50:54","slug":"dia-da-mae-giftbox","status":"publish","type":"product","link":"https:\/\/novo.juiceathome.com\/en\/product\/dia-da-mae-giftbox\/","title":{"rendered":"Mother's Day \u2013 Giftbox"},"content":{"rendered":"","protected":false},"excerpt":{"rendered":"<p>Our choices for a different mother's day.<\/p>\n<p>This box contains 4 products:<\/p>\n<ul>\n<li>1 Sparkling Sao Domingos Ros\u00e9 Bruto;<\/li>\n<li>1 Cherry handmade candy<\/li>\n<li>1 herbal Biological Herbal Teas 40g Juice at Home;<\/li>\n<li>1 premium cooler sleeve<\/li>\n<\/ul>","protected":false},"featured_media":3203,"comment_status":"open","ping_status":"closed","template":"","meta":{"_seopress_robots_primary_cat":"","_seopress_titles_title":"","_seopress_titles_desc":"","_seopress_robots_index":"","_uag_custom_page_level_css":""},"product_brand":[],"product_cat":[49],"product_tag":[],"class_list":{"0":"post-3202","1":"product","2":"type-product","3":"status-publish","4":"has-post-thumbnail","6":"product_cat-accessories","8":"first","9":"instock","10":"taxable","11":"shipping-taxable","12":"purchasable","13":"product-type-simple"},"uagb_featured_image_src":{"full":["https:\/\/novo.juiceathome.com\/wp-content\/uploads\/2024\/05\/dia-da-mae-juice-at-home_site.webp",1600,1069,false],"thumbnail":["https:\/\/novo.juiceathome.com\/wp-content\/uploads\/2024\/05\/dia-da-mae-juice-at-home_site-150x150.webp",150,150,true],"medium":["https:\/\/novo.juiceathome.com\/wp-content\/uploads\/2024\/05\/dia-da-mae-juice-at-home_site-300x200.webp",300,200,true],"medium_large":["https:\/\/novo.juiceathome.com\/wp-content\/uploads\/2024\/05\/dia-da-mae-juice-at-home_site-768x513.webp",768,513,true],"large":["https:\/\/novo.juiceathome.com\/wp-content\/uploads\/2024\/05\/dia-da-mae-juice-at-home_site-1024x684.webp",1024,684,true],"1536x1536":["https:\/\/novo.juiceathome.com\/wp-content\/uploads\/2024\/05\/dia-da-mae-juice-at-home_site-1536x1026.webp",1536,1026,true],"2048x2048":["https:\/\/novo.juiceathome.com\/wp-content\/uploads\/2024\/05\/dia-da-mae-juice-at-home_site.webp",1600,1069,false],"trp-custom-language-flag":["https:\/\/novo.juiceathome.com\/wp-content\/uploads\/2024\/05\/dia-da-mae-juice-at-home_site.webp",18,12,false],"woocommerce_thumbnail":["https:\/\/novo.juiceathome.com\/wp-content\/uploads\/2024\/05\/dia-da-mae-juice-at-home_site-500x640.webp",500,640,true],"woocommerce_single":["https:\/\/novo.juiceathome.com\/wp-content\/uploads\/2024\/05\/dia-da-mae-juice-at-home_site-600x401.webp",600,401,true],"woocommerce_gallery_thumbnail":["https:\/\/novo.juiceathome.com\/wp-content\/uploads\/2024\/05\/dia-da-mae-juice-at-home_site-100x100.webp",100,100,true]},"uagb_author_info":{"display_name":"JH Team","author_link":"https:\/\/novo.juiceathome.com\/en\/author\/"},"uagb_comment_info":0,"uagb_excerpt":"As nossas escolhas para um Dia da M\u00e3e diferente. Esta box cont\u00e9m 4 produtos: 1 Espumante S\u00e3o Domingos Ros\u00e9 Bruto; 1 Doce Artesanal de Cereja 1 Tisanas Biol\u00f3gica Sagrado Feminino 40G Juice at Home; 1 Manga refrigeradora Premium","_links":{"self":[{"href":"https:\/\/novo.juiceathome.com\/en\/wp-json\/wp\/v2\/product\/3202","targetHints":{"allow":["GET"]}}],"collection":[{"href":"https:\/\/novo.juiceathome.com\/en\/wp-json\/wp\/v2\/product"}],"about":[{"href":"https:\/\/novo.juiceathome.com\/en\/wp-json\/wp\/v2\/types\/product"}],"replies":[{"embeddable":true,"href":"https:\/\/novo.juiceathome.com\/en\/wp-json\/wp\/v2\/comments?post=3202"}],"wp:featuredmedia":[{"embeddable":true,"href":"https:\/\/novo.juiceathome.com\/en\/wp-json\/wp\/v2\/media\/3203"}],"wp:attachment":[{"href":"https:\/\/novo.juiceathome.com\/en\/wp-json\/wp\/v2\/media?parent=3202"}],"wp:term":[{"taxonomy":"product_brand","embeddable":true,"href":"https:\/\/novo.juiceathome.com\/en\/wp-json\/wp\/v2\/product_brand?post=3202"},{"taxonomy":"product_cat","embeddable":true,"href":"https:\/\/novo.juiceathome.com\/en\/wp-json\/wp\/v2\/product_cat?post=3202"},{"taxonomy":"product_tag","embeddable":true,"href":"https:\/\/novo.juiceathome.com\/en\/wp-json\/wp\/v2\/product_tag?post=3202"}],"curies":[{"name":"wp","href":"https:\/\/api.w.org\/{rel}","templated":true}]}}