{"id":3984,"date":"2025-01-19T13:41:35","date_gmt":"2025-01-19T13:41:35","guid":{"rendered":"https:\/\/novo.juiceathome.com\/?post_type=product&#038;p=3984"},"modified":"2025-01-25T16:18:53","modified_gmt":"2025-01-25T16:18:53","slug":"cabaz-gourmet-queijo-artesanal-vinho-tinto-vidigueira","status":"publish","type":"product","link":"https:\/\/novo.juiceathome.com\/en\/product\/cabaz-gourmet-queijo-artesanal-vinho-tinto-vidigueira\/","title":{"rendered":"Gourmet basket with traditional cheese and red wine"},"content":{"rendered":"<p>Looking for a Gourmet Gift that makes a positive impression? The gourmet basket with traditional Juice at Home or Alvelhe cheese is an excellent option.<\/p>\n<p>A harmonious combination of Portuguese flavors for an authentic and unforgettable gastronomic experience.<\/p>\n<p>To accompany, we selected a Alentejo red wine from Vidigueira, with soft tannins and fruity aromas, which perfectly complement the cheese.<\/p>\n<p>Savor the handmade cherry compote, with its bittersweet touch, which contrasts perfectly with the intensity of the cheese.<\/p>\n<p>Handmade, crunchy and tasty toasts are the perfect accompaniment to creating a complete tasting experience.<\/p>\n<p>To finish, drizzle your toasts with the virgin-extra olive oil produced in Portugal, which will enhance the flavor of the cheese and add a touch of freshness to your taste buds.<\/p>\n<p>The gourmet basket with cheese and red wine is the ideal gift for cheese and Portuguese gastronomy lovers.<\/p>\n<p>Offer an authentic and unforgettable experience that celebrates the richness and tradition of the flavors of Portugal.<\/p>\n<p>This gourmet basket is composed of a selection of high quality Portuguese products, designed to harmonize with cheese:<\/p>\n<ul>\n<li><strong>Alentejo red wine:<\/strong> Red wine from the Alentejo region, selected to complement the flavor of the cheese.<\/li>\n<li><strong>Traditional cheese (option):<\/strong> dsa<\/li>\n<li><strong>Alvelhe cheese (option):<\/strong> Cheese made from cow and sheep's milk, with an intense flavor and buttery texture.<\/li>\n<li><strong>Cherry handmade jam:<\/strong> Handmade cherry jam, with a bittersweet flavor that contrasts with the cheese.<\/li>\n<li><strong>Handmade toasts:<\/strong> Crispy and tasty toasts, perfect for serving with cheese.<\/li>\n<li><strong>Extra Virgin Olive Oil:<\/strong> High quality Portuguese olive oil, to finish the toasts and enhance the flavor of the cheese.<\/li>\n<\/ul>","protected":false},"excerpt":{"rendered":"<p>Surprise yourself with the flavors of the gourmet basket with cheese and red wine. Customize your cheese option by choosing between the traditional Juice at Home cheese and Alvelhe cheese.<\/p>\n<p>This gourmet basket is a selection of Portuguese products such as Vidigueira's Alentejo red wine, cheese, jam, toasts and olive oil for a delicious experience.<\/p>","protected":false},"featured_media":0,"comment_status":"open","ping_status":"closed","template":"","meta":{"_seopress_robots_primary_cat":"none","_seopress_titles_title":"Cabaz Gourmet com Queijo Tradicional e Vinho Tinto","_seopress_titles_desc":"Desfrute de uma experi\u00eancia gourmet aut\u00eantica com o Cabaz Gourmet com o queijo tradicional, vinho tinto DOC alentejano da Vidigueira, compota de cereja, tostas e azeite.","_seopress_robots_index":"","_uag_custom_page_level_css":""},"product_brand":[],"product_cat":[77],"product_tag":[],"class_list":{"0":"post-3984","1":"product","2":"type-product","3":"status-publish","5":"product_cat-cabazes-gourmet","7":"first","8":"instock","9":"taxable","10":"shipping-taxable","11":"purchasable","12":"product-type-variable"},"uagb_featured_image_src":{"full":false,"thumbnail":false,"medium":false,"medium_large":false,"large":false,"1536x1536":false,"2048x2048":false,"trp-custom-language-flag":false,"woocommerce_thumbnail":false,"woocommerce_single":false,"woocommerce_gallery_thumbnail":false},"uagb_author_info":{"display_name":"JH Team","author_link":"https:\/\/novo.juiceathome.com\/en\/author\/"},"uagb_comment_info":0,"uagb_excerpt":"Surpreenda-se com os sabores do Cabaz Gourmet com Queijo e Vinho Tinto. Personalize a sua op\u00e7\u00e3o de queijo, escolhendo entre o Queijo Tradicional Juice at Home e o Queijo Alvelhe. Este Cabaz Gourmet \u00e9 uma sele\u00e7\u00e3o de produtos portugueses como o vinho tinto alentejano da Vidigueira, o queijo, a compota, as tostas e o azeite&hellip;","_links":{"self":[{"href":"https:\/\/novo.juiceathome.com\/en\/wp-json\/wp\/v2\/product\/3984","targetHints":{"allow":["GET"]}}],"collection":[{"href":"https:\/\/novo.juiceathome.com\/en\/wp-json\/wp\/v2\/product"}],"about":[{"href":"https:\/\/novo.juiceathome.com\/en\/wp-json\/wp\/v2\/types\/product"}],"replies":[{"embeddable":true,"href":"https:\/\/novo.juiceathome.com\/en\/wp-json\/wp\/v2\/comments?post=3984"}],"wp:attachment":[{"href":"https:\/\/novo.juiceathome.com\/en\/wp-json\/wp\/v2\/media?parent=3984"}],"wp:term":[{"taxonomy":"product_brand","embeddable":true,"href":"https:\/\/novo.juiceathome.com\/en\/wp-json\/wp\/v2\/product_brand?post=3984"},{"taxonomy":"product_cat","embeddable":true,"href":"https:\/\/novo.juiceathome.com\/en\/wp-json\/wp\/v2\/product_cat?post=3984"},{"taxonomy":"product_tag","embeddable":true,"href":"https:\/\/novo.juiceathome.com\/en\/wp-json\/wp\/v2\/product_tag?post=3984"}],"curies":[{"name":"wp","href":"https:\/\/api.w.org\/{rel}","templated":true}]}}