{"id":4119,"date":"2025-01-26T13:58:16","date_gmt":"2025-01-26T13:58:16","guid":{"rendered":"https:\/\/novo.juiceathome.com\/?post_type=product&#038;p=4119"},"modified":"2025-01-26T14:00:12","modified_gmt":"2025-01-26T14:00:12","slug":"cabaz-gourmet-love-to-cook-healthy","status":"publish","type":"product","link":"https:\/\/novo.juiceathome.com\/en\/product\/cabaz-gourmet-love-to-cook-healthy\/","title":{"rendered":"Gourmet basket \u201cLove to Cook Healthy\u201d"},"content":{"rendered":"<p>Want to cook with fresh and healthy ingredients? The Gourmet Basket \u201cLove to Cook Healthy\u201d is the ideal set for you! A perfect combination of Portuguese flavors and aromas, with a touch of sophistication and well-being.<\/p>\n<p>Imagine having a special dinner with a Mediterranean inspiration.<\/p>\n<p>Start with the \u201cSino da Romaneira\u201d wine, a Douro wine with floral aromas that combines with light and tasty dishes.<\/p>\n<p>Use extra virgin olive oil with chili to spice up your salads or vegetables, adding a spicy and aromatic flavor.<\/p>\n<p>Biological red lentils, rich in fiber and protein, are a great choice for soups, salads or as a complement.<\/p>\n<p>Try the red organic quinoa for salads or as a rice substitute on more elaborate dishes.<\/p>\n<p>To finish your meal, put a little artisanal sweet in a toast and, to make the moment special, add a little cheese.<\/p>\n<p>This gourmet basket is composed of a selection of high quality Portuguese products, ideal for those who like to cook in a healthy and tasty way:<\/p>\n<ul>\n<li><strong>Romaneira bell red wine:<\/strong> An elegant red wine from the Douro region, to accompany its culinary creations.<\/li>\n<li><strong>Premium virgin olive oil with chilli:<\/strong>\u00a0High quality olive oil, flavored with chilli, to give a special touch to your dishes.<\/li>\n<li><strong>Extra handmade candy:<\/strong> Traditional Portuguese sweet, with an authentic and natural flavor, prepared in a wood-fired oven.<\/li>\n<li><strong>Biological red lentils:<\/strong> Rich in fiber and protein, ideal for soups, salads or as a side dish.<\/li>\n<li><strong>Biological red quinoa:<\/strong> Nutritious and versatile, perfect for replacing other less nutritious cereals.<\/li>\n<\/ul>","protected":false},"excerpt":{"rendered":"<p>This is the perfect set for those who love to cook tasty and healthy meals. Composed of red wine, flavored oil, artisanal sweets, lentils and organic quinoa.<\/p>","protected":false},"featured_media":0,"comment_status":"open","ping_status":"closed","template":"","meta":{"_seopress_robots_primary_cat":"none","_seopress_titles_title":"Cabaz Gourmet \"Love to Cook Healthy\"","_seopress_titles_desc":"Prepare refei\u00e7\u00f5es saud\u00e1veis com Vinho tinto, azeite aromatizado, doce artesanal, lentilhas e quinoa biol\u00f3gicos.","_seopress_robots_index":"","_uag_custom_page_level_css":""},"product_brand":[],"product_cat":[77],"product_tag":[83,90,91,92,89],"class_list":{"0":"post-4119","1":"product","2":"type-product","3":"status-publish","5":"product_cat-cabazes-gourmet","6":"product_tag-azeite","7":"product_tag-doce","8":"product_tag-lentilhas","9":"product_tag-quinoa","10":"product_tag-vinho","12":"first","13":"instock","14":"taxable","15":"shipping-taxable","16":"purchasable","17":"product-type-simple"},"uagb_featured_image_src":{"full":false,"thumbnail":false,"medium":false,"medium_large":false,"large":false,"1536x1536":false,"2048x2048":false,"trp-custom-language-flag":false,"woocommerce_thumbnail":false,"woocommerce_single":false,"woocommerce_gallery_thumbnail":false},"uagb_author_info":{"display_name":"JH Team","author_link":"https:\/\/novo.juiceathome.com\/en\/author\/"},"uagb_comment_info":0,"uagb_excerpt":"Este \u00e9 o conjunto perfeito para quem adora cozinhar refei\u00e7\u00f5es saborosas e saud\u00e1veis. Composto por vinho tinto, azeite aromatizado, doce artesanal, lentilhas e quinoa biol\u00f3gicos.","_links":{"self":[{"href":"https:\/\/novo.juiceathome.com\/en\/wp-json\/wp\/v2\/product\/4119","targetHints":{"allow":["GET"]}}],"collection":[{"href":"https:\/\/novo.juiceathome.com\/en\/wp-json\/wp\/v2\/product"}],"about":[{"href":"https:\/\/novo.juiceathome.com\/en\/wp-json\/wp\/v2\/types\/product"}],"replies":[{"embeddable":true,"href":"https:\/\/novo.juiceathome.com\/en\/wp-json\/wp\/v2\/comments?post=4119"}],"wp:attachment":[{"href":"https:\/\/novo.juiceathome.com\/en\/wp-json\/wp\/v2\/media?parent=4119"}],"wp:term":[{"taxonomy":"product_brand","embeddable":true,"href":"https:\/\/novo.juiceathome.com\/en\/wp-json\/wp\/v2\/product_brand?post=4119"},{"taxonomy":"product_cat","embeddable":true,"href":"https:\/\/novo.juiceathome.com\/en\/wp-json\/wp\/v2\/product_cat?post=4119"},{"taxonomy":"product_tag","embeddable":true,"href":"https:\/\/novo.juiceathome.com\/en\/wp-json\/wp\/v2\/product_tag?post=4119"}],"curies":[{"name":"wp","href":"https:\/\/api.w.org\/{rel}","templated":true}]}}